{"id":412,"date":"2020-05-28T13:36:42","date_gmt":"2020-05-28T13:36:42","guid":{"rendered":"http:\/\/mhahl-mi.de\/?page_id=412"},"modified":"2020-07-28T19:00:48","modified_gmt":"2020-07-28T19:00:48","slug":"impressum","status":"publish","type":"page","link":"https:\/\/mhahl-mi.de\/?page_id=412","title":{"rendered":"Impressum"},"content":{"rendered":"\t\t<div data-elementor-type=\"wp-page\" data-elementor-id=\"412\" class=\"elementor elementor-412\">\n\t\t\t\t\t\t<section class=\"elementor-section elementor-top-section elementor-element elementor-element-2c3c790 elementor-section-boxed elementor-section-height-default elementor-section-height-default\" data-id=\"2c3c790\" data-element_type=\"section\">\n\t\t\t\t\t\t<div class=\"elementor-container elementor-column-gap-default\">\n\t\t\t\t\t<div class=\"elementor-column elementor-col-100 elementor-top-column elementor-element elementor-element-a2e0552\" data-id=\"a2e0552\" data-element_type=\"column\">\n\t\t\t<div class=\"elementor-widget-wrap elementor-element-populated\">\n\t\t\t\t\t\t<div class=\"elementor-element elementor-element-a8e6184 elementor-widget elementor-widget-heading\" data-id=\"a8e6184\" data-element_type=\"widget\" data-widget_type=\"heading.default\">\n\t\t\t\t<div class=\"elementor-widget-container\">\n\t\t\t<h2 class=\"elementor-heading-title elementor-size-default\">Impressum<\/h2>\t\t<\/div>\n\t\t\t\t<\/div>\n\t\t\t\t<div class=\"elementor-element elementor-element-71d06cf elementor-widget elementor-widget-text-editor\" data-id=\"71d06cf\" data-element_type=\"widget\" data-widget_type=\"text-editor.default\">\n\t\t\t\t<div class=\"elementor-widget-container\">\n\t\t\t\t\t\t\t<h2>Angaben gem\u00e4\u00df \u00a7 5 TMG:<\/h2><p>Manfred Hahl Management + Innovation GmbH<br \/>Manfred Hahl<\/p><h3>Postanschrift:<\/h3><p>Brauhausstra\u00dfe 11<br \/>36043 Fulda<\/p><h3>Kontakt:<\/h3><p>Telefon: +49 171 265 1523<br \/>E-Mail: m.hahl@mhahl-mi.de<\/p><h3>Vertreten durch:<\/h3><p>Gesch\u00e4ftsf\u00fchrer \/ Inhaber: Manfred Hahl<\/p><h3>Eingetragen am<\/h3><p>Amtsgericht Fulda<br \/>HRB 7782<\/p><h3>Steuernummer:<\/h3><p>018 239 04508<\/p><p>\u00a0<\/p><h2>Hinweise zur Website &#8211; Information gem\u00e4\u00df \u00a7 36 VSBG<\/h2><p>Gem\u00e4\u00df \u00a7 36 VSBG (Verbraucherstreitbeilegungsgesetz \u2013 Gesetz \u00fcber die alternative Streitbeilegung in Verbrauchersachen) erkl\u00e4rt der Betreiber dieser Website:<\/p><p>Wir sind weder bereit noch verpflichtet, an Streitbeilegungsverfahren vor einer Verbraucherschlichtungsstelle teilzunehmen.<\/p><p><em><br \/>Das Impressum wurde mit dem <a href=\"https:\/\/www.activemind.de\/datenschutz\/impressums-generator\/\">Impressums-Generator der activeMind AG<\/a> erstellt.<\/em><\/p>\t\t\t\t\t\t<\/div>\n\t\t\t\t<\/div>\n\t\t\t\t\t<\/div>\n\t\t<\/div>\n\t\t\t\t\t<\/div>\n\t\t<\/section>\n\t\t\t\t<\/div>\n\t\t","protected":false},"excerpt":{"rendered":"<p class=\"excerpt\">Impressum Angaben gem\u00e4\u00df \u00a7 5 TMG: Manfred Hahl Management + Innovation GmbHManfred Hahl Postanschrift: Brauhausstra\u00dfe 1136043 Fulda Kontakt: Telefon: +49 171 265 1523E-Mail: m.hahl@mhahl-mi.de Vertreten durch: Gesch\u00e4ftsf\u00fchrer \/ Inhaber: Manfred Hahl Eingetragen am Amtsgericht FuldaHRB 7782 Steuernummer: 018 239 04508 \u00a0 Hinweise zur Website &#8211; Information gem\u00e4\u00df \u00a7 36 VSBG Gem\u00e4\u00df \u00a7 36 VSBG (Verbraucherstreitbeilegungsgesetz [&hellip;]<\/p>\n","protected":false},"author":1,"featured_media":0,"parent":0,"menu_order":0,"comment_status":"closed","ping_status":"closed","template":"template-blank.php","meta":[],"yoast_head":"<!-- This site is optimized with the Yoast SEO plugin v20.6 - https:\/\/yoast.com\/wordpress\/plugins\/seo\/ -->\n<title>Impressum -<\/title>\n<meta name=\"robots\" content=\"index, follow, max-snippet:-1, max-image-preview:large, max-video-preview:-1\" \/>\n<link rel=\"canonical\" href=\"https:\/\/mhahl-mi.de\/?page_id=412\" \/>\n<meta property=\"og:locale\" content=\"de_DE\" \/>\n<meta property=\"og:type\" content=\"article\" \/>\n<meta property=\"og:title\" content=\"Impressum -\" \/>\n<meta property=\"og:description\" content=\"Impressum Angaben gem\u00e4\u00df \u00a7 5 TMG: Manfred Hahl Management + Innovation GmbHManfred Hahl Postanschrift: Brauhausstra\u00dfe 1136043 Fulda Kontakt: Telefon: +49 171 265 1523E-Mail: m.hahl@mhahl-mi.de Vertreten durch: Gesch\u00e4ftsf\u00fchrer \/ Inhaber: Manfred Hahl Eingetragen am Amtsgericht FuldaHRB 7782 Steuernummer: 018 239 04508 \u00a0 Hinweise zur Website &#8211; Information gem\u00e4\u00df \u00a7 36 VSBG Gem\u00e4\u00df \u00a7 36 VSBG (Verbraucherstreitbeilegungsgesetz [&hellip;]\" \/>\n<meta property=\"og:url\" content=\"https:\/\/mhahl-mi.de\/?page_id=412\" \/>\n<meta property=\"article:modified_time\" content=\"2020-07-28T19:00:48+00:00\" \/>\n<meta name=\"twitter:card\" content=\"summary_large_image\" \/>\n<script type=\"application\/ld+json\" class=\"yoast-schema-graph\">{\"@context\":\"https:\/\/schema.org\",\"@graph\":[{\"@type\":\"WebPage\",\"@id\":\"https:\/\/mhahl-mi.de\/?page_id=412\",\"url\":\"https:\/\/mhahl-mi.de\/?page_id=412\",\"name\":\"Impressum -\",\"isPartOf\":{\"@id\":\"https:\/\/mhahl-mi.de\/#website\"},\"datePublished\":\"2020-05-28T13:36:42+00:00\",\"dateModified\":\"2020-07-28T19:00:48+00:00\",\"breadcrumb\":{\"@id\":\"https:\/\/mhahl-mi.de\/?page_id=412#breadcrumb\"},\"inLanguage\":\"de\",\"potentialAction\":[{\"@type\":\"ReadAction\",\"target\":[\"https:\/\/mhahl-mi.de\/?page_id=412\"]}]},{\"@type\":\"BreadcrumbList\",\"@id\":\"https:\/\/mhahl-mi.de\/?page_id=412#breadcrumb\",\"itemListElement\":[{\"@type\":\"ListItem\",\"position\":1,\"name\":\"Startseite\",\"item\":\"https:\/\/mhahl-mi.de\/\"},{\"@type\":\"ListItem\",\"position\":2,\"name\":\"Impressum\"}]},{\"@type\":\"WebSite\",\"@id\":\"https:\/\/mhahl-mi.de\/#website\",\"url\":\"https:\/\/mhahl-mi.de\/\",\"name\":\"\",\"description\":\"\",\"publisher\":{\"@id\":\"https:\/\/mhahl-mi.de\/#organization\"},\"potentialAction\":[{\"@type\":\"SearchAction\",\"target\":{\"@type\":\"EntryPoint\",\"urlTemplate\":\"https:\/\/mhahl-mi.de\/?s={search_term_string}\"},\"query-input\":\"required name=search_term_string\"}],\"inLanguage\":\"de\"},{\"@type\":\"Organization\",\"@id\":\"https:\/\/mhahl-mi.de\/#organization\",\"name\":\"Manfred Hahl Management + Innovation GmbH\",\"url\":\"https:\/\/mhahl-mi.de\/\",\"logo\":{\"@type\":\"ImageObject\",\"inLanguage\":\"de\",\"@id\":\"https:\/\/mhahl-mi.de\/#\/schema\/logo\/image\/\",\"url\":\"https:\/\/mhahl-mi.de\/wp-content\/uploads\/2020\/05\/Logo_Schwarz.png\",\"contentUrl\":\"https:\/\/mhahl-mi.de\/wp-content\/uploads\/2020\/05\/Logo_Schwarz.png\",\"width\":1008,\"height\":270,\"caption\":\"Manfred Hahl Management + Innovation GmbH\"},\"image\":{\"@id\":\"https:\/\/mhahl-mi.de\/#\/schema\/logo\/image\/\"}}]}<\/script>\n<!-- \/ Yoast SEO plugin. -->","yoast_head_json":{"title":"Impressum -","robots":{"index":"index","follow":"follow","max-snippet":"max-snippet:-1","max-image-preview":"max-image-preview:large","max-video-preview":"max-video-preview:-1"},"canonical":"https:\/\/mhahl-mi.de\/?page_id=412","og_locale":"de_DE","og_type":"article","og_title":"Impressum -","og_description":"Impressum Angaben gem\u00e4\u00df \u00a7 5 TMG: Manfred Hahl Management + Innovation GmbHManfred Hahl Postanschrift: Brauhausstra\u00dfe 1136043 Fulda Kontakt: Telefon: +49 171 265 1523E-Mail: m.hahl@mhahl-mi.de Vertreten durch: Gesch\u00e4ftsf\u00fchrer \/ Inhaber: Manfred Hahl Eingetragen am Amtsgericht FuldaHRB 7782 Steuernummer: 018 239 04508 \u00a0 Hinweise zur Website &#8211; Information gem\u00e4\u00df \u00a7 36 VSBG Gem\u00e4\u00df \u00a7 36 VSBG (Verbraucherstreitbeilegungsgesetz [&hellip;]","og_url":"https:\/\/mhahl-mi.de\/?page_id=412","article_modified_time":"2020-07-28T19:00:48+00:00","twitter_card":"summary_large_image","schema":{"@context":"https:\/\/schema.org","@graph":[{"@type":"WebPage","@id":"https:\/\/mhahl-mi.de\/?page_id=412","url":"https:\/\/mhahl-mi.de\/?page_id=412","name":"Impressum -","isPartOf":{"@id":"https:\/\/mhahl-mi.de\/#website"},"datePublished":"2020-05-28T13:36:42+00:00","dateModified":"2020-07-28T19:00:48+00:00","breadcrumb":{"@id":"https:\/\/mhahl-mi.de\/?page_id=412#breadcrumb"},"inLanguage":"de","potentialAction":[{"@type":"ReadAction","target":["https:\/\/mhahl-mi.de\/?page_id=412"]}]},{"@type":"BreadcrumbList","@id":"https:\/\/mhahl-mi.de\/?page_id=412#breadcrumb","itemListElement":[{"@type":"ListItem","position":1,"name":"Startseite","item":"https:\/\/mhahl-mi.de\/"},{"@type":"ListItem","position":2,"name":"Impressum"}]},{"@type":"WebSite","@id":"https:\/\/mhahl-mi.de\/#website","url":"https:\/\/mhahl-mi.de\/","name":"","description":"","publisher":{"@id":"https:\/\/mhahl-mi.de\/#organization"},"potentialAction":[{"@type":"SearchAction","target":{"@type":"EntryPoint","urlTemplate":"https:\/\/mhahl-mi.de\/?s={search_term_string}"},"query-input":"required name=search_term_string"}],"inLanguage":"de"},{"@type":"Organization","@id":"https:\/\/mhahl-mi.de\/#organization","name":"Manfred Hahl Management + Innovation GmbH","url":"https:\/\/mhahl-mi.de\/","logo":{"@type":"ImageObject","inLanguage":"de","@id":"https:\/\/mhahl-mi.de\/#\/schema\/logo\/image\/","url":"https:\/\/mhahl-mi.de\/wp-content\/uploads\/2020\/05\/Logo_Schwarz.png","contentUrl":"https:\/\/mhahl-mi.de\/wp-content\/uploads\/2020\/05\/Logo_Schwarz.png","width":1008,"height":270,"caption":"Manfred Hahl Management + Innovation GmbH"},"image":{"@id":"https:\/\/mhahl-mi.de\/#\/schema\/logo\/image\/"}}]}},"_links":{"self":[{"href":"https:\/\/mhahl-mi.de\/index.php?rest_route=\/wp\/v2\/pages\/412"}],"collection":[{"href":"https:\/\/mhahl-mi.de\/index.php?rest_route=\/wp\/v2\/pages"}],"about":[{"href":"https:\/\/mhahl-mi.de\/index.php?rest_route=\/wp\/v2\/types\/page"}],"author":[{"embeddable":true,"href":"https:\/\/mhahl-mi.de\/index.php?rest_route=\/wp\/v2\/users\/1"}],"replies":[{"embeddable":true,"href":"https:\/\/mhahl-mi.de\/index.php?rest_route=%2Fwp%2Fv2%2Fcomments&post=412"}],"version-history":[{"count":10,"href":"https:\/\/mhahl-mi.de\/index.php?rest_route=\/wp\/v2\/pages\/412\/revisions"}],"predecessor-version":[{"id":534,"href":"https:\/\/mhahl-mi.de\/index.php?rest_route=\/wp\/v2\/pages\/412\/revisions\/534"}],"wp:attachment":[{"href":"https:\/\/mhahl-mi.de\/index.php?rest_route=%2Fwp%2Fv2%2Fmedia&parent=412"}],"curies":[{"name":"wp","href":"https:\/\/api.w.org\/{rel}","templated":true}]}}